{"id":528,"date":"2014-09-15T15:12:36","date_gmt":"2014-09-15T15:12:36","guid":{"rendered":"http:\/\/recantofloripa.com.br\/website\/?page_id=528"},"modified":"2025-04-06T22:14:14","modified_gmt":"2025-04-06T22:14:14","slug":"blog","status":"publish","type":"page","link":"http:\/\/recantofloripa.com.br\/website\/blog\/","title":{"rendered":"Servi\u00e7os dispon\u00edveis"},"content":{"rendered":"\n<h2 class=\"wp-block-heading has-text-align-center\"><strong>Confirme quais servi\u00e7os est\u00e3o dispon\u00edveis na Alta e Baixa temporada<\/strong><\/h2>\n","protected":false},"excerpt":{"rendered":"<p>Confirme quais servi\u00e7os est\u00e3o dispon\u00edveis na Alta e Baixa temporada<\/p>\n","protected":false},"author":1,"featured_media":768,"parent":0,"menu_order":0,"comment_status":"open","ping_status":"open","template":"","meta":{"footnotes":""},"_links":{"self":[{"href":"http:\/\/recantofloripa.com.br\/website\/wp-json\/wp\/v2\/pages\/528"}],"collection":[{"href":"http:\/\/recantofloripa.com.br\/website\/wp-json\/wp\/v2\/pages"}],"about":[{"href":"http:\/\/recantofloripa.com.br\/website\/wp-json\/wp\/v2\/types\/page"}],"author":[{"embeddable":true,"href":"http:\/\/recantofloripa.com.br\/website\/wp-json\/wp\/v2\/users\/1"}],"replies":[{"embeddable":true,"href":"http:\/\/recantofloripa.com.br\/website\/wp-json\/wp\/v2\/comments?post=528"}],"version-history":[{"count":14,"href":"http:\/\/recantofloripa.com.br\/website\/wp-json\/wp\/v2\/pages\/528\/revisions"}],"predecessor-version":[{"id":17309,"href":"http:\/\/recantofloripa.com.br\/website\/wp-json\/wp\/v2\/pages\/528\/revisions\/17309"}],"wp:featuredmedia":[{"embeddable":true,"href":"http:\/\/recantofloripa.com.br\/website\/wp-json\/wp\/v2\/media\/768"}],"wp:attachment":[{"href":"http:\/\/recantofloripa.com.br\/website\/wp-json\/wp\/v2\/media?parent=528"}],"curies":[{"name":"wp","href":"https:\/\/api.w.org\/{rel}","templated":true}]}}