{"id":237,"date":"2019-05-08T16:59:53","date_gmt":"2019-05-08T16:59:53","guid":{"rendered":"http:\/\/themes.uxbarn.com\/wp\/lamoon-dummy\/?page_id=16"},"modified":"2025-02-02T18:54:01","modified_gmt":"2025-02-02T18:54:01","slug":"homepage","status":"publish","type":"page","link":"http:\/\/recantofloripa.com.br\/website\/","title":{"rendered":"In\u00edcio"},"content":{"rendered":"<div class=\"container section\"><div class=\"one-third column\"><div class=\"one-third hover\">\r\n\t\t            <a href=\"http:\/\/recantofloripa.com.br\/website\/a-pousada\" title=\"\">\r\n\t\t            <div class=\"none\">\r\n\t\t                <span class=\"text\"><span class=\"anchor\"><\/span><\/span>\r\n\t\t            <\/div> <img decoding=\"async\" src=\"http:\/\/recantofloripa.com.br\/website\/wp-content\/uploads\/2014\/09\/nossapousada.png\" alt=\"\" \/><\/a><\/div><br \/>\n<h3 class=\" center \"><span>Informa\u00e7\u00f5es Gerais<\/span><\/h3><br \/>\n<\/div><\/p>\n<p><div class=\"one-third column\"><div class=\"one-third hover\">\r\n\t\t            <a href=\"http:\/\/recantofloripa.com.br\/website\/localizacao\" title=\"\">\r\n\t\t            <div class=\"none\">\r\n\t\t                <span class=\"text\"><span class=\"anchor\"><\/span><\/span>\r\n\t\t            <\/div> <img decoding=\"async\" src=\"http:\/\/recantofloripa.com.br\/website\/wp-content\/uploads\/2014\/09\/praiapontacanas.png\" alt=\"\" \/><\/a><\/div><br \/>\n<h3 class=\" center \"><span>Praia de Ponta das Canas<\/span><\/h3><br \/>\n<\/div><\/p>\n<p><div class=\"one-third column last\"><div class=\"one-third hover\">\r\n\t\t            <a href=\"http:\/\/recantofloripa.com.br\/website\/acomodacoes\" title=\"\">\r\n\t\t            <div class=\"none\">\r\n\t\t                <span class=\"text\"><span class=\"anchor\"><\/span><\/span>\r\n\t\t            <\/div> <img decoding=\"async\" src=\"http:\/\/recantofloripa.com.br\/website\/wp-content\/uploads\/2014\/09\/nossasacomodacoes.png\" alt=\"\" \/><\/a><\/div><br \/>\n<h3 class=\" center \"><span>Nossas Acomoda\u00e7\u00f5es<\/span><\/h3><br \/>\n<\/div><\/div>\n<div class=\"container section\"><div class=\"one-third column\"><div class=\"one-third hover\">\r\n\t\t            <a href=\"http:\/\/recantofloripa.com.br\/website\/pacotes-promocionais\" title=\"\">\r\n\t\t            <div class=\"none\">\r\n\t\t                <span class=\"text\"><span class=\"anchor\"><\/span><\/span>\r\n\t\t            <\/div> <img decoding=\"async\" src=\"http:\/\/recantofloripa.com.br\/website\/wp-content\/uploads\/2014\/09\/pacotes.png\" alt=\"\" \/><\/a><\/div><br \/>\n<h3 class=\" center \"><span>Pacotes Promocionais<\/span><\/h3><br \/>\n<\/div><\/p>\n<p><div class=\"one-third column\"><div class=\"one-third hover\">\r\n\t\t            <a href=\"http:\/\/recantofloripa.com.br\/website\/politica-de-reserva\" title=\"\">\r\n\t\t            <div class=\"none\">\r\n\t\t                <span class=\"text\"><span class=\"anchor\"><\/span><\/span>\r\n\t\t            <\/div> <img decoding=\"async\" src=\"http:\/\/recantofloripa.com.br\/website\/wp-content\/uploads\/2014\/09\/politica.png\" alt=\"\" \/><\/a><\/div><br \/>\n<h3 class=\" center \"><span>Pol\u00edtica de Reservas<\/span><\/h3><br \/>\n<\/div><\/p>\n<p><div class=\"one-third column last\"><div class=\"one-third hover\">\r\n\t\t            <a href=\"http:\/\/recantofloripa.com.br\/website\/contato\" title=\"\">\r\n\t\t            <div class=\"none\">\r\n\t\t                <span class=\"text\"><span class=\"anchor\"><\/span><\/span>\r\n\t\t            <\/div> <img decoding=\"async\" src=\"http:\/\/recantofloripa.com.br\/website\/wp-content\/uploads\/2014\/09\/contato.png\" alt=\"\" \/><\/a><\/div><br \/>\n<h3 class=\" center \"><span>Contato<\/span><\/h3><br \/>\n<\/div><\/div>\n<div class=\"container section\"><div class=\"full-width column\"><div class=\"shortcode-testimonials\" style=\"height: 200px;\"><blockquote class=\"full-width\"><p><strong>Ponta das Canas<\/strong> - Ideal para que procura mar calmo com \u00e1gua de temperatura agrad\u00e1vel. O bairro possui infraestrutura com mercados, restaurantes, lojas e farm\u00e1cia.<\/p><cite><\/cite>\r\n\t\t\t\t\t<\/blockquote><blockquote class=\"full-width\"><p><strong>Lagoinha do Norte<\/strong> - Praia segura com \u00e1gua transparente, agrad\u00e1vel e de beleza impar.<\/p><cite><\/cite>\r\n\t\t\t\t\t<\/blockquote><\/div><\/div><\/div>\n","protected":false},"excerpt":{"rendered":"","protected":false},"author":1,"featured_media":0,"parent":0,"menu_order":0,"comment_status":"closed","ping_status":"open","template":"","meta":{"footnotes":""},"_links":{"self":[{"href":"http:\/\/recantofloripa.com.br\/website\/wp-json\/wp\/v2\/pages\/237"}],"collection":[{"href":"http:\/\/recantofloripa.com.br\/website\/wp-json\/wp\/v2\/pages"}],"about":[{"href":"http:\/\/recantofloripa.com.br\/website\/wp-json\/wp\/v2\/types\/page"}],"author":[{"embeddable":true,"href":"http:\/\/recantofloripa.com.br\/website\/wp-json\/wp\/v2\/users\/1"}],"replies":[{"embeddable":true,"href":"http:\/\/recantofloripa.com.br\/website\/wp-json\/wp\/v2\/comments?post=237"}],"version-history":[{"count":24,"href":"http:\/\/recantofloripa.com.br\/website\/wp-json\/wp\/v2\/pages\/237\/revisions"}],"predecessor-version":[{"id":1406,"href":"http:\/\/recantofloripa.com.br\/website\/wp-json\/wp\/v2\/pages\/237\/revisions\/1406"}],"wp:attachment":[{"href":"http:\/\/recantofloripa.com.br\/website\/wp-json\/wp\/v2\/media?parent=237"}],"curies":[{"name":"wp","href":"https:\/\/api.w.org\/{rel}","templated":true}]}}